{"id":124,"date":"2024-09-10T13:18:34","date_gmt":"2024-09-10T11:18:34","guid":{"rendered":"https:\/\/isra.sn\/isra50ans\/?page_id=124"},"modified":"2024-09-23T11:33:24","modified_gmt":"2024-09-23T09:33:24","slug":"lesdirecteurs-generaux","status":"publish","type":"page","link":"https:\/\/isra.sn\/isra50ans\/lesdirecteurs-generaux\/","title":{"rendered":"Nos directeurs g\u00e9n\u00e9raux"},"content":{"rendered":"\t\t<div data-elementor-type=\"wp-page\" data-elementor-id=\"124\" class=\"elementor elementor-124\">\n\t\t\t\t<div class=\"elementor-element elementor-element-7bd9628 e-flex e-con-boxed e-con e-parent\" data-id=\"7bd9628\" data-element_type=\"container\">\n\t\t\t\t\t<div class=\"e-con-inner\">\n\t\t\t\t<div class=\"elementor-element elementor-element-fa44804 elementor-widget elementor-widget-shortcode\" data-id=\"fa44804\" data-element_type=\"widget\" data-widget_type=\"shortcode.default\">\n\t\t\t\t<div class=\"elementor-widget-container\">\n\t\t\t\t\t\t\t<div class=\"elementor-shortcode\"><div class=\"tmm tmm_les-directuers-generaux-de-lisra-de-1974-a-nos-jours\"><div class=\"tmm_4_columns tmm_wrap tmm_plugin_f\"><span class=\"tmm_two_containers_tablet\"><\/span><div class=\"tmm_container\"><div class=\"tmm_member\" style=\"border-top:#333333 solid 5px;\"><div class=\"tmm_photo tmm_pic_les-directuers-generaux-de-lisra-de-1974-a-nos-jours_0\" style=\"background: url(https:\/\/isra.sn\/isra50ans\/wp-content\/uploads\/2024\/09\/Capture-decran-2024-08-28-220620.png); margin-left: auto; margin-right:auto; background-size:cover !important;\"><\/div><div class=\"tmm_textblock\"><div class=\"tmm_names\"><span class=\"tmm_fname\">Louis <\/span> <span class=\"tmm_lname\">SAUGER<\/span><\/div><div class=\"tmm_job\">DG ISRA<\/div><div class=\"tmm_desc\" style=\"text-align:\"><p>Louis f\u00fbt\u00a0 le premier DG de l'institut S\u00e9n\u00e9galais de Recherches Agricoles de 1974 en 1979<\/p><\/div><div class=\"tmm_scblock\"><\/div><\/div><\/div><div class=\"tmm_member\" style=\"border-top:#333333 solid 5px;\"><div class=\"tmm_photo tmm_pic_les-directuers-generaux-de-lisra-de-1974-a-nos-jours_1\" style=\"background: url(https:\/\/isra.sn\/isra50ans\/wp-content\/uploads\/2024\/09\/dg-thiongane.png); margin-left: auto; margin-right:auto; background-size:cover !important;\"><\/div><div class=\"tmm_textblock\"><div class=\"tmm_names\"><span class=\"tmm_fname\">Ibrahima <\/span> <span class=\"tmm_lname\">THIONGANE<\/span><\/div><div class=\"tmm_job\">DG ISRA<\/div><div class=\"tmm_desc\" style=\"text-align:\"><p>Dr THIONGANE f\u00fbt\u00a0 le second Directeur g\u00e9n\u00e9ral succ\u00e9dant ainsi Dr SAUGER et sera \u00e0 la t\u00eate de l'ISRA de 1979\u00a0 en 1985.<\/p><\/div><div class=\"tmm_scblock\"><\/div><\/div><\/div><span class=\"tmm_two_containers_tablet\"><\/span><div class=\"tmm_member\" style=\"border-top:#333333 solid 5px;\"><div class=\"tmm_photo tmm_pic_les-directuers-generaux-de-lisra-de-1974-a-nos-jours_2\" style=\"background: url(https:\/\/isra.sn\/isra50ans\/wp-content\/uploads\/2024\/09\/madicke-Niang-DG-ISRA-copie.png); margin-left: auto; margin-right:auto; background-size:cover !important;\"><\/div><div class=\"tmm_textblock\"><div class=\"tmm_names\"><span class=\"tmm_fname\">Madick\u00e9 <\/span> <span class=\"tmm_lname\">NIANG<\/span><\/div><div class=\"tmm_job\">DG ISRA<\/div><div class=\"tmm_desc\" style=\"text-align:\"><p>Dr NIANG fera un passage \u00e0 la t\u00eate de l'ISRA de 1985 \u00e0 1986.<\/p><\/div><div class=\"tmm_scblock\"><\/div><\/div><\/div><div class=\"tmm_member\" style=\"border-top:#333333 solid 5px;\"><div class=\"tmm_photo tmm_pic_les-directuers-generaux-de-lisra-de-1974-a-nos-jours_3\" style=\"background: url(https:\/\/isra.sn\/isra50ans\/wp-content\/uploads\/2024\/09\/cropped_m_toure_photo_2018_0.jpg); margin-left: auto; margin-right:auto; background-size:cover !important;\"><\/div><div class=\"tmm_textblock\"><div class=\"tmm_names\"><span class=\"tmm_fname\">Moctar <\/span> <span class=\"tmm_lname\">TOURE<\/span><\/div><div class=\"tmm_job\">DG ISRA<\/div><div class=\"tmm_desc\" style=\"text-align:\"><p>Dr Moctar TOURE sera Directeur g\u00e9n\u00e9ral de 1986 en 1989.<\/p><\/div><div class=\"tmm_scblock\"><\/div><\/div><\/div><span class=\"tmm_two_containers_tablet\"><\/span><\/div><span class=\"tmm_columns_containers_desktop\"><\/span><div class=\"tmm_container\"><div class=\"tmm_member\" style=\"border-top:#333333 solid 5px;\"><div class=\"tmm_photo tmm_pic_les-directuers-generaux-de-lisra-de-1974-a-nos-jours_4\" style=\"background: url(https:\/\/isra.sn\/isra50ans\/wp-content\/uploads\/2024\/09\/DG-LY.png); margin-left: auto; margin-right:auto; background-size:cover !important;\"><\/div><div class=\"tmm_textblock\"><div class=\"tmm_names\"><span class=\"tmm_fname\">Mouhamadou El-Habib<\/span> <span class=\"tmm_lname\">LY<\/span><\/div><div class=\"tmm_job\">DG ISRA<\/div><div class=\"tmm_desc\" style=\"text-align:\"><p>Son passage \u00e0 la t\u00eate de sera marqu\u00e9 par de vastes changements 1989 en 1995.<\/p><\/div><div class=\"tmm_scblock\"><\/div><\/div><\/div><div class=\"tmm_member\" style=\"border-top:#333333 solid 5px;\"><div class=\"tmm_photo tmm_pic_les-directuers-generaux-de-lisra-de-1974-a-nos-jours_5\" style=\"background: url(https:\/\/isra.sn\/isra50ans\/wp-content\/uploads\/2024\/09\/DG-Jacque.png); margin-left: auto; margin-right:auto; background-size:cover !important;\"><\/div><div class=\"tmm_textblock\"><div class=\"tmm_names\"><span class=\"tmm_fname\">Jacques Maurice<\/span> <span class=\"tmm_lname\">FAYE<\/span><\/div><div class=\"tmm_job\">DG ISRA<\/div><div class=\"tmm_desc\" style=\"text-align:\"><p>Dr FAYE marquera son passage de 1995 en 1997.<\/p><\/div><div class=\"tmm_scblock\"><\/div><\/div><\/div><span class=\"tmm_two_containers_tablet\"><\/span><div class=\"tmm_member\" style=\"border-top:#333333 solid 5px;\"><div class=\"tmm_photo tmm_pic_les-directuers-generaux-de-lisra-de-1974-a-nos-jours_6\" style=\"background: url(https:\/\/isra.sn\/isra50ans\/wp-content\/uploads\/2024\/09\/DG-Moussa-BAKHAYOKHO.png); margin-left: auto; margin-right:auto; background-size:cover !important;\"><\/div><div class=\"tmm_textblock\"><div class=\"tmm_names\"><span class=\"tmm_fname\">Moussa <\/span> <span class=\"tmm_lname\">BAKHAYOKHO<\/span><\/div><div class=\"tmm_job\">DG ISRA<\/div><div class=\"tmm_desc\" style=\"text-align:\"><p>Dr BAKHAYOKHO chevalier de l'ordre national du m\u00e9rite et grand prix du chef de l'\u00e9tat sera \u00e0 la t\u00eate de l'Institut de 1997 en 2000.<\/p><\/div><div class=\"tmm_scblock\"><\/div><\/div><\/div><div class=\"tmm_member\" style=\"border-top:#333333 solid 5px;\"><div class=\"tmm_photo tmm_pic_les-directuers-generaux-de-lisra-de-1974-a-nos-jours_7\" style=\"background: url(https:\/\/isra.sn\/isra50ans\/wp-content\/uploads\/2024\/09\/DG-papa-SECK.png); margin-left: auto; margin-right:auto; background-size:cover !important;\"><\/div><div class=\"tmm_textblock\"><div class=\"tmm_names\"><span class=\"tmm_fname\">Papa Abdoulaye<\/span> <span class=\"tmm_lname\">SECK<\/span><\/div><div class=\"tmm_job\">DG ISRA<\/div><div class=\"tmm_desc\" style=\"text-align:\"><p>Dr SECK sera \u00e0 la t\u00eate de l'Institut de 2000 en 2006, des ann\u00e9es durant beaucoup de changements et d'innovations seront op\u00e9r\u00e9s mettant sous les projecteurs notre cher ISRA.<\/p><\/div><div class=\"tmm_scblock\"><\/div><\/div><\/div><span class=\"tmm_two_containers_tablet\"><\/span><\/div><span class=\"tmm_columns_containers_desktop\"><\/span><div class=\"tmm_container\"><div class=\"tmm_member\" style=\"border-top:#333333 solid 5px;\"><div class=\"tmm_photo tmm_pic_les-directuers-generaux-de-lisra-de-1974-a-nos-jours_8\" style=\"background: url(https:\/\/isra.sn\/isra50ans\/wp-content\/uploads\/2024\/09\/DG-Diouf-Mac.png); margin-left: auto; margin-right:auto; background-size:cover !important;\"><\/div><div class=\"tmm_textblock\"><div class=\"tmm_names\"><span class=\"tmm_fname\">Macoumba<\/span> <span class=\"tmm_lname\">DIOUF<\/span><\/div><div class=\"tmm_job\">DG ISRA<\/div><div class=\"tmm_desc\" style=\"text-align:\"><p>Dr Macoumba DIOUF a marqu\u00e9 son premier passage \u00e0 la t\u00eate de l'Institut de 2007 en 2008.\u00a0 Acteur de majeur des acquis sociaux .<\/p><\/div><div class=\"tmm_scblock\"><\/div><\/div><\/div><div class=\"tmm_member\" style=\"border-top:#333333 solid 5px;\"><div class=\"tmm_photo tmm_pic_les-directuers-generaux-de-lisra-de-1974-a-nos-jours_9\" style=\"background: url(https:\/\/isra.sn\/isra50ans\/wp-content\/uploads\/2024\/09\/DG-taib-Diouf.png); margin-left: auto; margin-right:auto; background-size:cover !important;\"><\/div><div class=\"tmm_textblock\"><div class=\"tmm_names\"><span class=\"tmm_fname\">Taib<\/span> <span class=\"tmm_lname\">DIOUF<\/span><\/div><div class=\"tmm_job\">DG ISRA<\/div><div class=\"tmm_desc\" style=\"text-align:\"><p>Dr Taib DIOUF sera \u00e0 la t\u00eate de l'Institut de 2008 \u00e0 2010.\u00a0<\/p><\/div><div class=\"tmm_scblock\"><\/div><\/div><\/div><span class=\"tmm_two_containers_tablet\"><\/span><div class=\"tmm_member\" style=\"border-top:#333333 solid 5px;\"><div class=\"tmm_photo tmm_pic_les-directuers-generaux-de-lisra-de-1974-a-nos-jours_10\" style=\"background: url(https:\/\/isra.sn\/isra50ans\/wp-content\/uploads\/2024\/09\/DG-Diouf-Mac.png); margin-left: auto; margin-right:auto; background-size:cover !important;\"><\/div><div class=\"tmm_textblock\"><div class=\"tmm_names\"><span class=\"tmm_fname\">Macoumba <\/span> <span class=\"tmm_lname\">DIOUF<\/span><\/div><div class=\"tmm_job\">DG ISRA<\/div><div class=\"tmm_desc\" style=\"text-align:\"><p>DG pour la seconde fois de 2010 \u00e0 2013 Dr Macoumba sera un acteur de changement.<\/p><\/div><div class=\"tmm_scblock\"><\/div><\/div><\/div><div class=\"tmm_member\" style=\"border-top:#333333 solid 5px;\"><div class=\"tmm_photo tmm_pic_les-directuers-generaux-de-lisra-de-1974-a-nos-jours_11\" style=\"background: url(https:\/\/isra.sn\/isra50ans\/wp-content\/uploads\/2024\/09\/Alioune-Fall.png); margin-left: auto; margin-right:auto; background-size:cover !important;\"><\/div><div class=\"tmm_textblock\"><div class=\"tmm_names\"><span class=\"tmm_fname\">Alioune <\/span> <span class=\"tmm_lname\">FALL<\/span><\/div><div class=\"tmm_job\">DG ISRA<\/div><div class=\"tmm_desc\" style=\"text-align:\"><p>Dr FALL sera \u00e0 la t\u00eate de l'Institut de 2013 \u00e0 2020. Passage marqu\u00e9 par des innovations et le repositionnement de l'Institut.<\/p><\/div><div class=\"tmm_scblock\"><\/div><\/div><\/div><span class=\"tmm_two_containers_tablet\"><\/span><\/div><span class=\"tmm_columns_containers_desktop\"><\/span><div class=\"tmm_container\"><div class=\"tmm_member\" style=\"border-top:#333333 solid 5px;\"><div class=\"tmm_photo tmm_pic_les-directuers-generaux-de-lisra-de-1974-a-nos-jours_12\" style=\"background: url(https:\/\/isra.sn\/isra50ans\/wp-content\/uploads\/2024\/09\/Momar-talla-.png); margin-left: auto; margin-right:auto; background-size:cover !important;\"><\/div><div class=\"tmm_textblock\"><div class=\"tmm_names\"><span class=\"tmm_fname\">Momar Talla <\/span> <span class=\"tmm_lname\">SECK<\/span><\/div><div class=\"tmm_job\">DG ISRA<\/div><div class=\"tmm_desc\" style=\"text-align:\"><p>Dr Momar Talla SECK sera un acteur majeur par des acquis pour l'ensemble du personnel de l'Institut. Il sera \u00e0 la t\u00eate de l'Institut de 2020 \u00e0\u00a0 2024.<\/p><\/div><div class=\"tmm_scblock\"><\/div><\/div><\/div><div class=\"tmm_member\" style=\"border-top:#333333 solid 5px;\"><div class=\"tmm_photo tmm_pic_les-directuers-generaux-de-lisra-de-1974-a-nos-jours_13\" style=\"background: url(https:\/\/isra.sn\/isra50ans\/wp-content\/uploads\/2024\/09\/Moustapha.png); margin-left: auto; margin-right:auto; background-size:cover !important;\"><\/div><div class=\"tmm_textblock\"><div class=\"tmm_names\"><span class=\"tmm_fname\">Moustapha<\/span> <span class=\"tmm_lname\">GUEYE<\/span><\/div><div class=\"tmm_job\">DG ISRA<\/div><div class=\"tmm_desc\" style=\"text-align:\"><p>Actuel DG de l'Institut Dr GUEYE \u0153uvre pour une marche vers le succ\u00e8s .<\/p><\/div><div class=\"tmm_scblock\"><\/div><\/div><\/div><div style=\"clear:both;\"><\/div><\/div><\/div><\/div><\/div>\n\t\t\t\t\t\t<\/div>\n\t\t\t\t<\/div>\n\t\t\t\t\t<\/div>\n\t\t\t\t<\/div>\n\t\t\t\t<\/div>\n\t\t","protected":false},"excerpt":{"rendered":"","protected":false},"author":1,"featured_media":130,"parent":0,"menu_order":0,"comment_status":"closed","ping_status":"closed","template":"","meta":{"footnotes":""},"class_list":["post-124","page","type-page","status-publish","has-post-thumbnail","hentry"],"_links":{"self":[{"href":"https:\/\/isra.sn\/isra50ans\/wp-json\/wp\/v2\/pages\/124","targetHints":{"allow":["GET"]}}],"collection":[{"href":"https:\/\/isra.sn\/isra50ans\/wp-json\/wp\/v2\/pages"}],"about":[{"href":"https:\/\/isra.sn\/isra50ans\/wp-json\/wp\/v2\/types\/page"}],"author":[{"embeddable":true,"href":"https:\/\/isra.sn\/isra50ans\/wp-json\/wp\/v2\/users\/1"}],"replies":[{"embeddable":true,"href":"https:\/\/isra.sn\/isra50ans\/wp-json\/wp\/v2\/comments?post=124"}],"version-history":[{"count":17,"href":"https:\/\/isra.sn\/isra50ans\/wp-json\/wp\/v2\/pages\/124\/revisions"}],"predecessor-version":[{"id":147,"href":"https:\/\/isra.sn\/isra50ans\/wp-json\/wp\/v2\/pages\/124\/revisions\/147"}],"wp:featuredmedia":[{"embeddable":true,"href":"https:\/\/isra.sn\/isra50ans\/wp-json\/wp\/v2\/media\/130"}],"wp:attachment":[{"href":"https:\/\/isra.sn\/isra50ans\/wp-json\/wp\/v2\/media?parent=124"}],"curies":[{"name":"wp","href":"https:\/\/api.w.org\/{rel}","templated":true}]}}