{"id":221,"date":"2024-11-29T16:30:58","date_gmt":"2024-11-29T15:30:58","guid":{"rendered":"https:\/\/isra.sn\/isra50ans\/?page_id=221"},"modified":"2024-11-29T16:39:54","modified_gmt":"2024-11-29T15:39:54","slug":"declaration-du-forum-scientifique-des-50-ans-de-lisra","status":"publish","type":"page","link":"https:\/\/isra.sn\/isra50ans\/declaration-du-forum-scientifique-des-50-ans-de-lisra\/","title":{"rendered":"D\u00e9claration du forum scientifique des 50 ans de l&rsquo;ISRA"},"content":{"rendered":"<p><strong>CELEBRATION DU <\/strong><strong>50<sup>\u00c8ME<\/sup> ANNIVERSAIRE DE L&rsquo;INSTITUT S\u00c9N\u00c9GALAIS DE RECHERCHES AGRICOLES (ISRA)<\/strong><\/p>\n<p>Le forum des 50 ans de l&rsquo;ISRA, tenu \u00e0 Dakar du 4 au 6 Novembre 2024, a \u00e9t\u00e9 une occasion majeure de c\u00e9l\u00e9brer un demi-si\u00e8cle de vie et de contributions remarquables \u00e0 la marche de notre pays, tout en ouvrant des perspectives pour relever les d\u00e9fis futurs.<\/p>\n<p>&nbsp;<\/p>\n<p><img fetchpriority=\"high\" decoding=\"async\" class=\"wp-image-224 alignleft\" src=\"https:\/\/isra.sn\/isra50ans\/wp-content\/uploads\/2024\/11\/Image3.jpg\" alt=\"\" width=\"405\" height=\"232\" \/>Nous, participants au Forum Scientifique marquant le 50\u00e8me anniversaire de l&rsquo;Institut S\u00e9n\u00e9galais de Recherches Agricoles (ISRA)<\/p>\n<ul>\n<li>Consid\u00e9rant l\u2019importance cruciale de la recherche scientifique dans la transformation de l\u2019Agriculture de notre pays, identifi\u00e9e comme axe strat\u00e9gique dans le document r\u00e9f\u00e9rentiel S\u00c9N\u00c9GAL 2050.<\/li>\n<li>Consid\u00e9rant le r\u00f4le cl\u00e9 de l\u2019ISRA dans le d\u00e9veloppement agricole, l\u2019am\u00e9lioration des conditions de vie des populations rurales et la s\u00e9curit\u00e9 alimentaire et nutritionnelle des populations.<\/li>\n<li>Consid\u00e9rant la n\u00e9cessit\u00e9 de placer la recherche agricole au c\u0153ur des strat\u00e9gies de d\u00e9veloppement national pour une souverainet\u00e9 alimentaire durable.<\/li>\n<li>Consid\u00e9rant l\u2019imp\u00e9ratif pour la recherche de g\u00e9n\u00e9rer des technologies et solutions adapt\u00e9es pour faire face aux d\u00e9fis actuels et futurs li\u00e9s aux changements globaux et aux crises exog\u00e8nes<\/li>\n<li>Consid\u00e9rant le r\u00f4le majeur que l\u2019ISRA devra continuer \u00e0 jouer dans le d\u00e9veloppement agricole de notre pays en rapport avec les acteurs du syst\u00e8me national de recherches agrosylvopastorales (SNRASP).<\/li>\n<\/ul>\n<p><img decoding=\"async\" class=\"wp-image-225 alignleft\" src=\"https:\/\/isra.sn\/isra50ans\/wp-content\/uploads\/2024\/11\/Image4.png\" alt=\"\" width=\"316\" height=\"210\" \/><\/p>\n<p>Solennellement, nous\u00a0:<\/p>\n<ol>\n<li>Reconnaissons le r\u00f4le crucial de l&rsquo;ISRA dans le d\u00e9veloppement agricole du S\u00e9n\u00e9gal au cours des 50 derni\u00e8res ann\u00e9es, contribuant significativement \u00e0 l\u2019\u00e9conomie nationale, \u00e0 l&rsquo;am\u00e9lioration des conditions de vie des populations rurales et \u00e0 la s\u00e9curit\u00e9 alimentaire et nutritionnelle.<\/li>\n<li>R\u00e9affirmons l&rsquo;importance fondamentale de la recherche scientifique agricole pour relever les d\u00e9fis actuels et futurs du secteur agricole s\u00e9n\u00e9galais comme moteur de la croissance.<\/li>\n<li>Encourageons une collaboration plus \u00e9troite entre l&rsquo;ISRA, les universit\u00e9s, les autres structures de recherche et l&rsquo;ensemble des acteurs du secteur agricole, y compris le conseil agricole, les organisations paysannes, le secteur priv\u00e9 et la soci\u00e9t\u00e9 civile.<\/li>\n<li>D\u00e9finissons les priorit\u00e9s suivantes pour la recherche et la vulgarisation agricole au S\u00e9n\u00e9gal :\n<ul>\n<li>Le d\u00e9veloppement de solutions innovantes pour la r\u00e9silience face aux changements climatiques et la co-construction de mod\u00e8le \u00e9conomique viable.<\/li>\n<li>Le renforcement de la s\u00e9curit\u00e9 alimentaire et nutritionnelle.<\/li>\n<li>La gestion durable de l&rsquo;eau et des ressources naturelles.<\/li>\n<li>Le soutien \u00e0 l&rsquo;agro-industrialisation et \u00e0 la transformation locale des produits agricoles et \u00e0 la valorisation des innovations technologiques<\/li>\n<li>L&rsquo;int\u00e9gration des technologies num\u00e9riques dans l&rsquo;agriculture.<\/li>\n<\/ul>\n<\/li>\n<li>Nous engageons \u00e0 promouvoir une agriculture de souverainet\u00e9, moderne, r\u00e9siliente et comp\u00e9titive, capable de r\u00e9pondre aux d\u00e9fis du XXI<sup>\u00e8me<\/sup> si\u00e8cle par le soutien au nouveau r\u00e9f\u00e9rentiel \u00e9conomique du S\u00e9n\u00e9gal.<\/li>\n<li>Exhortons l&rsquo;ISRA et les autres acteurs de la recherche \u00e0 poursuivre les efforts d&rsquo;anticipation des besoins futurs et de d\u00e9veloppement de solutions adapt\u00e9es aux r\u00e9alit\u00e9s locales pour un meilleur accompagnement des politiques publiques.<\/li>\n<li>Appelons \u00e0 une synergie renforc\u00e9e entre la recherche, la formation et le conseil agricole pour une meilleure diffusion et adoption des innovations agrosylvopastorales et halieutiques.<\/li>\n<li>Appelons \u00e0 un engagement renforc\u00e9 de l&rsquo;\u00c9tat, du secteur priv\u00e9 et des partenaires techniques et financiers pour soutenir la recherche agricole dans un cadre global de planification, de coordination et d\u2019\u00e9valuation de la Recherche, notamment par :\n<ul>\n<li>L&rsquo;augmentation substantielle des ressources financi\u00e8res allou\u00e9es \u00e0 l&rsquo;ISRA et aux institutions de recherche connexes pour adresser les priorit\u00e9s nationales.<\/li>\n<li>La mise en place de politiques incitatives favorisant l&rsquo;innovation et les partenariats public-priv\u00e9 dans le domaine agrosylvopastoral et halieutique<\/li>\n<li>Le soutien \u00e0 la formation et au d\u00e9veloppement des capacit\u00e9s des chercheurs.<\/li>\n<\/ul>\n<\/li>\n<li>Recommandons la mise en place d&rsquo;un m\u00e9canisme de suivi et \u00e9valuation pour mesurer l&rsquo;impact de la recherche et la vulgarisation agricole sur le d\u00e9veloppement du secteur.<\/li>\n<li>Invitons la communaut\u00e9 internationale \u00e0 soutenir les efforts du S\u00e9n\u00e9gal dans sa qu\u00eate d&rsquo;une agriculture durable et performante, contribuant ainsi \u00e0 l&rsquo;atteinte des Objectifs de D\u00e9veloppement Durable par l\u2019atteinte de la souverainet\u00e9 alimentaire.<\/li>\n<\/ol>\n<p>Et enfin<\/p>\n<p>Nous nous \u00e9vertuerons \u00e0 mettre en \u0153uvre ces engagements, pour l\u2019atteinte des objectifs du r\u00e9f\u00e9rentiel S\u00e9n\u00e9gal 2050<\/p>\n<p><img decoding=\"async\" class=\"wp-image-227 aligncenter\" src=\"https:\/\/isra.sn\/isra50ans\/wp-content\/uploads\/2024\/11\/Image5.jpg\" alt=\"\" width=\"525\" height=\"394\" \/><\/p>\n","protected":false},"excerpt":{"rendered":"<p>CELEBRATION DU 50\u00c8ME ANNIVERSAIRE DE L&rsquo;INSTITUT S\u00c9N\u00c9GALAIS DE RECHERCHES AGRICOLES (ISRA) Le forum des 50 ans de l&rsquo;ISRA, tenu \u00e0 Dakar du 4 au 6 Novembre 2024, a \u00e9t\u00e9 une occasion majeure de c\u00e9l\u00e9brer un demi-si\u00e8cle de vie et de contributions remarquables \u00e0 la marche de notre pays, tout en ouvrant des perspectives pour relever [&hellip;]<\/p>\n","protected":false},"author":1,"featured_media":223,"parent":0,"menu_order":0,"comment_status":"closed","ping_status":"closed","template":"","meta":{"footnotes":""},"class_list":["post-221","page","type-page","status-publish","has-post-thumbnail","hentry"],"_links":{"self":[{"href":"https:\/\/isra.sn\/isra50ans\/wp-json\/wp\/v2\/pages\/221","targetHints":{"allow":["GET"]}}],"collection":[{"href":"https:\/\/isra.sn\/isra50ans\/wp-json\/wp\/v2\/pages"}],"about":[{"href":"https:\/\/isra.sn\/isra50ans\/wp-json\/wp\/v2\/types\/page"}],"author":[{"embeddable":true,"href":"https:\/\/isra.sn\/isra50ans\/wp-json\/wp\/v2\/users\/1"}],"replies":[{"embeddable":true,"href":"https:\/\/isra.sn\/isra50ans\/wp-json\/wp\/v2\/comments?post=221"}],"version-history":[{"count":3,"href":"https:\/\/isra.sn\/isra50ans\/wp-json\/wp\/v2\/pages\/221\/revisions"}],"predecessor-version":[{"id":231,"href":"https:\/\/isra.sn\/isra50ans\/wp-json\/wp\/v2\/pages\/221\/revisions\/231"}],"wp:featuredmedia":[{"embeddable":true,"href":"https:\/\/isra.sn\/isra50ans\/wp-json\/wp\/v2\/media\/223"}],"wp:attachment":[{"href":"https:\/\/isra.sn\/isra50ans\/wp-json\/wp\/v2\/media?parent=221"}],"curies":[{"name":"wp","href":"https:\/\/api.w.org\/{rel}","templated":true}]}}